{"id":8,"date":"2025-01-06T21:12:30","date_gmt":"2025-01-06T21:12:30","guid":{"rendered":"https:\/\/birnzain.at\/farbberatung\/?page_id=8"},"modified":"2025-01-11T06:07:35","modified_gmt":"2025-01-11T06:07:35","slug":"startseite","status":"publish","type":"page","link":"https:\/\/birnzain.at\/farbberatung\/","title":{"rendered":"Jeder Mensch ist einzigartig"},"content":{"rendered":"\n<p class=\"has-medium-font-size\">Ihr Image und Ihr Stil sollten authentisch Ihre Pers\u00f6nlichkeit widerspiegeln. Damit erreichen Sie mehr Wertsch\u00e4tzung von ihrem Umfeld, aber vorallem Kraft, Ausstrahlung, Souver\u00e4nit\u00e4t und das Selbstbewusstsein ganz Sie selbst zu sein!<\/p>\n\n\n\n<p class=\"has-medium-font-size\">Beginnend bei den richtigen Farben, die Ihren Typ am Sch\u00f6nsten zur Geltung bringen, \u00fcber den Stil ihrer \u00e4u\u00dferen Erscheinung, bis zum Ambiente, das Ihr Zuhause ausstrahlt, alles zusammen sollte ihre pers\u00f6nliche Handschrift tragen.<\/p>\n\n\n\n<p class=\"has-medium-font-size\">Gemeinsam finden wir Ihre pers\u00f6nliche Farbnuance in der Sie sich wohl f\u00fchlen.<\/p>\n","protected":false},"excerpt":{"rendered":"<p>Ihr Image und Ihr Stil sollten authentisch Ihre Pers\u00f6nlichkeit widerspiegeln. Damit erreichen Sie mehr Wertsch\u00e4tzung von ihrem Umfeld, aber vorallem Kraft, Ausstrahlung, Souver\u00e4nit\u00e4t und das Selbstbewusstsein ganz Sie selbst zu sein! Beginnend bei den richtigen Farben, die Ihren Typ am Sch\u00f6nsten zur Geltung bringen, \u00fcber den Stil ihrer \u00e4u\u00dferen Erscheinung, bis zum Ambiente, das Ihr &hellip; <\/p>\n<p class=\"link-more\"><a href=\"https:\/\/birnzain.at\/farbberatung\/\" class=\"more-link\"><span class=\"screen-reader-text\">\u201eJeder Mensch ist einzigartig\u201c<\/span> weiterlesen<\/a><\/p>\n","protected":false},"author":1,"featured_media":0,"parent":0,"menu_order":0,"comment_status":"closed","ping_status":"closed","template":"","meta":{"footnotes":""},"class_list":["post-8","page","type-page","status-publish","hentry"],"_links":{"self":[{"href":"https:\/\/birnzain.at\/farbberatung\/index.php?rest_route=\/wp\/v2\/pages\/8","targetHints":{"allow":["GET"]}}],"collection":[{"href":"https:\/\/birnzain.at\/farbberatung\/index.php?rest_route=\/wp\/v2\/pages"}],"about":[{"href":"https:\/\/birnzain.at\/farbberatung\/index.php?rest_route=\/wp\/v2\/types\/page"}],"author":[{"embeddable":true,"href":"https:\/\/birnzain.at\/farbberatung\/index.php?rest_route=\/wp\/v2\/users\/1"}],"replies":[{"embeddable":true,"href":"https:\/\/birnzain.at\/farbberatung\/index.php?rest_route=%2Fwp%2Fv2%2Fcomments&post=8"}],"version-history":[{"count":15,"href":"https:\/\/birnzain.at\/farbberatung\/index.php?rest_route=\/wp\/v2\/pages\/8\/revisions"}],"predecessor-version":[{"id":242,"href":"https:\/\/birnzain.at\/farbberatung\/index.php?rest_route=\/wp\/v2\/pages\/8\/revisions\/242"}],"wp:attachment":[{"href":"https:\/\/birnzain.at\/farbberatung\/index.php?rest_route=%2Fwp%2Fv2%2Fmedia&parent=8"}],"curies":[{"name":"wp","href":"https:\/\/api.w.org\/{rel}","templated":true}]}}