{"id":10,"date":"2025-01-06T21:12:30","date_gmt":"2025-01-06T21:12:30","guid":{"rendered":"https:\/\/birnzain.at\/farbberatung\/?page_id=10"},"modified":"2025-01-14T05:28:10","modified_gmt":"2025-01-14T05:28:10","slug":"kontakt","status":"publish","type":"page","link":"https:\/\/birnzain.at\/farbberatung\/?page_id=10","title":{"rendered":"Bereits Beratene Kund:innen"},"content":{"rendered":"\n<hr class=\"wp-block-separator has-css-opacity is-style-default\"\/>\n\n\n\n<div class=\"wp-block-group\"><div class=\"wp-block-group__inner-container is-layout-constrained wp-block-group-is-layout-constrained\"><div class=\"wp-block-image is-style-rounded\">\n<figure class=\"aligncenter size-thumbnail\"><img loading=\"lazy\" decoding=\"async\" width=\"150\" height=\"150\" src=\"https:\/\/birnzain.at\/farbberatung\/wp-content\/uploads\/2025\/01\/Rita-Kundin-150x150.jpg\" alt=\"\" class=\"wp-image-341\" srcset=\"https:\/\/birnzain.at\/farbberatung\/wp-content\/uploads\/2025\/01\/Rita-Kundin-150x150.jpg 150w, https:\/\/birnzain.at\/farbberatung\/wp-content\/uploads\/2025\/01\/Rita-Kundin-100x100.jpg 100w\" sizes=\"auto, (max-width: 150px) 100vw, 150px\" \/><\/figure>\n<\/div>\n\n\n<blockquote class=\"wp-block-quote has-text-align-center is-style-large is-layout-flow wp-block-quote-is-layout-flow\" style=\"font-size:11px\">\n<p class=\"has-medium-font-size\">\u201eIch war Ende Februar bei Helga zur Farbberatung, ihr liebevoller Blick auf die Gesamtheit meiner Person und damit verbunden auch die Farbauswahl um meine Haut im Antlitz und die Augenfarbe wie einen besonderen Bilderrahmen zum Leuchten zu bringen. Das hat mir gro\u00dfe Freude bereitet. Einige Wochen sp\u00e4ter kam dann bei mir daheim der Kastencheck oder wie wir in Deutschland sagen: \u201eden Kleiderschrank ins Visier nehmen\u201c. Mit Helgas pr\u00fcfendem Blick hat sich mein Inhalt des Schrankes deutlich minimiert. Ich bin begeistert und kann diese Art von Beratung w\u00e4rmstens empfehlen. Vielen Dank liebe Helga!.\u201c<\/p>\n<cite>Rita<\/cite><\/blockquote>\n\n\n\n<hr class=\"wp-block-separator has-css-opacity is-style-default\"\/>\n<\/div><\/div>\n\n\n\n<div class=\"wp-block-group\"><div class=\"wp-block-group__inner-container is-layout-constrained wp-block-group-is-layout-constrained\">\n<blockquote class=\"wp-block-quote has-text-align-center is-style-large is-layout-flow wp-block-quote-is-layout-flow\" style=\"font-size:11px\">\n<p class=\"has-medium-font-size\">\u201eDie Farbtypberatung war f\u00fcr mich ein spannendes und im wahren Wortsinn augen\u00f6ffnendes Erlebnis. Helga hat uns sehr herzlich begr\u00fc\u00dft und uns in ihrem wundersch\u00f6nen Garten willkommen gehei\u00dfen. Mein Partner, meine kleine Tochter und unser Hund waren auch dabei und f\u00fcr sie war Raum zum Plantschen am Fluss und<br>sp\u00e4ter zum Spielen im Garten w\u00e4hrend wir in entspannter Atmosph\u00e4re auf Helgas Terrasse in die Welt der Farben eintauchten. Nach einem kurzen Kennenlerngespr\u00e4ch hat Helga mich sehr einf\u00fchlsam durch den Prozess gef\u00fchrt, die Wirkung der verschiedenen Farben am eigenen Leib zu erfahren und selbst zu erkennen, welche Farben meinem Typ entsprechen. Es war f\u00fcr mich sehr ber\u00fchrend, zu erkennen, dass zu meinem Wesen eigentlich sehr helle und sanfte Farben passen &#8211; ganz im Gegensatz zu den kr\u00e4ftigen, erdigen T\u00f6nen, die ich bisher so getragen habe. Es war viel Raum f\u00fcr mich, selber hinein zu sp\u00fcren mit Helgas kompetenter Begleitung und Aufkl\u00e4rung \u00fcber die verschiedenen Farbnuancen und Wirkungen. Nun wei\u00df ich, wie ich sanft sichtbar sein und meine nat\u00fcrliche Sch\u00f6nheit hervorheben kann, welche Farben mich eher blass aussehen lassen und wie ich selbst die Farben an mir einsch\u00e4tzen kann. <br>Vielen Dank, liebe Helga, es hat mir sehr gut getan!<br>Ich danke dir noch mal! Und auch danke, dass du so schnell einen Farbpass f\u00fcr mich besorgt hast! Ich freue mich sehr!&#8220;<\/p>\n<cite>Josepha<\/cite><\/blockquote>\n\n\n\n<hr class=\"wp-block-separator has-css-opacity is-style-default\"\/>\n<\/div><\/div>\n\n\n\n<div class=\"wp-block-group\"><div class=\"wp-block-group__inner-container is-layout-constrained wp-block-group-is-layout-constrained\">\n<blockquote class=\"wp-block-quote has-text-align-center is-style-large is-layout-flow wp-block-quote-is-layout-flow\" style=\"font-size:11px\">\n<p class=\"has-medium-font-size\">\u201eIch durfte vor kurzem eine Farbberatung von Helga Birnzain erleben. In freundlicher und ruhiger Atmosph\u00e4re arbeiteten wir meinen Farbtyp aus. Manches war eine Best\u00e4tigung meiner Farbwahl, einiges auch eine Bereicherung. So kann ich in Zukunft gezielt mit meinem Farbpass einkaufen gehen und kann Fehlk\u00e4ufe vermeiden. Unterm Strich eine tolle Sache.\u201c<\/p>\n<cite>Veronika N.<\/cite><\/blockquote>\n\n\n\n<hr class=\"wp-block-separator has-css-opacity is-style-default\"\/>\n<\/div><\/div>\n\n\n\n<div class=\"wp-block-group\"><div class=\"wp-block-group__inner-container is-layout-constrained wp-block-group-is-layout-constrained\">\n<blockquote class=\"wp-block-quote has-text-align-center is-style-large is-layout-flow wp-block-quote-is-layout-flow\" style=\"font-size:11px\">\n<p class=\"has-medium-font-size\">\u201eIhre Beratung war sehr sehr freundlich und liebevoll vorbereitet. Man hat sich wirklich richtig wohl gef\u00fchlt. Ich war \u00fcberrascht welche Farbkombinationen zu mir passen. Speziell punkto Basisfarben habe ich einiges dazu gelernt und bin erfreut, wie viele Alternativen es zu schwarz gibt. Jetzt werde ich mich sicher noch viel bewusster kleiden, werde noch besser auf die Farbe meiner Accessoires, Schuhe sowie meines Make up\u2018s achten. Ich freue mich schon auf die n\u00e4chste Shoppingtour mit meinem Farbpass!\u201c<\/p>\n<cite>Astrid E.<\/cite><\/blockquote>\n\n\n\n<hr class=\"wp-block-separator has-css-opacity is-style-default\"\/>\n<\/div><\/div>\n\n\n\n<div class=\"wp-block-group\"><div class=\"wp-block-group__inner-container is-layout-constrained wp-block-group-is-layout-constrained\">\n<blockquote class=\"wp-block-quote has-text-align-center is-style-large is-layout-flow wp-block-quote-is-layout-flow\" style=\"font-size:11px\">\n<p class=\"has-medium-font-size\">Ich schaue nun automatisch viel bewusster auf die Farben. F\u00fcr\u2019s Einkaufen habe ich den Farbpass abgewartet und dann festgestellt, dass er sehr hilfreich ist beim Ausw\u00e4hlen der neuen Kleidung. Damit muss ich mich nicht nur auf das Gef\u00fchl verlassen, sonder kann mir sicher sein, dass es passt.<\/p>\n<cite>Michael T.<\/cite><\/blockquote>\n\n\n\n<hr class=\"wp-block-separator has-css-opacity is-style-default\"\/>\n<\/div><\/div>\n\n\n\n<div class=\"wp-block-group\"><div class=\"wp-block-group__inner-container is-layout-constrained wp-block-group-is-layout-constrained\">\n<blockquote class=\"wp-block-quote has-text-align-center is-style-large is-layout-flow wp-block-quote-is-layout-flow\" style=\"font-size:11px\">\n<p class=\"has-medium-font-size\">Ich bin total begeistert von Helgas Beratung! Ich habe endlich die Frisur, die genau zu meinem Gesicht passt! Ist ja leider nicht so einfach \u2013 ich habe ein eher eckiges Gesicht, aber Helga hat f\u00fcr mich eine Frisur am Computer erstellt, die meiner Gesichtsform sehr schmeichelt! Ich bin sehr zufrieden mit ihrer Beratung und kann sie nur weiterempfehlen!<\/p>\n<cite>Barbara W..<\/cite><\/blockquote>\n\n\n\n<hr class=\"wp-block-separator has-css-opacity is-style-default\"\/>\n<\/div><\/div>\n\n\n\n<div class=\"wp-block-group\"><div class=\"wp-block-group__inner-container is-layout-constrained wp-block-group-is-layout-constrained\">\n<blockquote class=\"wp-block-quote has-text-align-center is-style-large is-layout-flow wp-block-quote-is-layout-flow\" style=\"font-size:11px\">\n<p class=\"has-medium-font-size\">Schon lange war ich auf der Suche nach einer neuen Brille. Nachdem ich eine Menge an Brillen probierte und einfach nicht die passende fand, beschloss ich, Helga um eine Beratung zu bitten. Sie war sofort f\u00fcr mich da und begleitete mich in das Brillengesch\u00e4ft. Durch ihre kompetente Beratung fand ich eine wundersch\u00f6ne Brille, mit welcher ich mich total wohlf\u00fchle. Schon jetzt wei\u00df ich, dass ich beim n\u00e4chsten Brillenkauf sofort auf Helga zur\u00fcckkommen werde.<\/p>\n<cite>Angela G.<\/cite><\/blockquote>\n\n\n\n<hr class=\"wp-block-separator has-css-opacity is-style-default\"\/>\n<\/div><\/div>\n\n\n\n<div class=\"wp-block-group\"><div class=\"wp-block-group__inner-container is-layout-constrained wp-block-group-is-layout-constrained\">\n<blockquote class=\"wp-block-quote has-text-align-center is-style-large is-layout-flow wp-block-quote-is-layout-flow\" style=\"font-size:11px\">\n<p class=\"has-medium-font-size\">Die Farbberatung bei Helga war sehr angenehm. Es herrschte eine entspannte Atmosph\u00e4re und sie war sehr bem\u00fcht, die passenden Farben f\u00fcr meinen Typ zu finden. Eine Farbberatung ist eine sehr interessante und tolle Erfahrung, man erkennt mit der Zeit genau, welche Farben zu einem passen und welche nicht so ideal sind. Dies hilft sehr bei der Kleiderauswahl und vor allem bei deren Kombination. Ein Farbpass mit den passenden Farben und mit Kombitipps erleichtert ebenfalls das Finden der geeigneten Kleidung. Ich habe eine sehr positive Erfahrung damit gemacht, vor allem das Probieren von verschiedenen Kleidungsst\u00fccken beim Einkaufen mit der frustrierenden Erkenntnis, dass am Ende doch keines passt, wird dadurch weitgehend vermieden. Man greift mit der Zeit automatisch zu den Farben, in denen man am h\u00fcbschesten aussieht. Somit kann ich die Beratung nur weiterempfehlen.<\/p>\n<cite>Evelyne H.<\/cite><\/blockquote>\n\n\n\n<hr class=\"wp-block-separator has-css-opacity is-style-default\"\/>\n<\/div><\/div>\n","protected":false},"excerpt":{"rendered":"<p>\u201eIch war Ende Februar bei Helga zur Farbberatung, ihr liebevoller Blick auf die Gesamtheit meiner Person und damit verbunden auch die Farbauswahl um meine Haut im Antlitz und die Augenfarbe wie einen besonderen Bilderrahmen zum Leuchten zu bringen. Das hat mir gro\u00dfe Freude bereitet. Einige Wochen sp\u00e4ter kam dann bei mir daheim der Kastencheck oder &hellip; <\/p>\n<p class=\"link-more\"><a href=\"https:\/\/birnzain.at\/farbberatung\/?page_id=10\" class=\"more-link\"><span class=\"screen-reader-text\">\u201eBereits Beratene Kund:innen\u201c<\/span> weiterlesen<\/a><\/p>\n","protected":false},"author":1,"featured_media":366,"parent":0,"menu_order":0,"comment_status":"closed","ping_status":"closed","template":"","meta":{"footnotes":""},"class_list":["post-10","page","type-page","status-publish","has-post-thumbnail","hentry"],"_links":{"self":[{"href":"https:\/\/birnzain.at\/farbberatung\/index.php?rest_route=\/wp\/v2\/pages\/10","targetHints":{"allow":["GET"]}}],"collection":[{"href":"https:\/\/birnzain.at\/farbberatung\/index.php?rest_route=\/wp\/v2\/pages"}],"about":[{"href":"https:\/\/birnzain.at\/farbberatung\/index.php?rest_route=\/wp\/v2\/types\/page"}],"author":[{"embeddable":true,"href":"https:\/\/birnzain.at\/farbberatung\/index.php?rest_route=\/wp\/v2\/users\/1"}],"replies":[{"embeddable":true,"href":"https:\/\/birnzain.at\/farbberatung\/index.php?rest_route=%2Fwp%2Fv2%2Fcomments&post=10"}],"version-history":[{"count":7,"href":"https:\/\/birnzain.at\/farbberatung\/index.php?rest_route=\/wp\/v2\/pages\/10\/revisions"}],"predecessor-version":[{"id":348,"href":"https:\/\/birnzain.at\/farbberatung\/index.php?rest_route=\/wp\/v2\/pages\/10\/revisions\/348"}],"wp:featuredmedia":[{"embeddable":true,"href":"https:\/\/birnzain.at\/farbberatung\/index.php?rest_route=\/wp\/v2\/media\/366"}],"wp:attachment":[{"href":"https:\/\/birnzain.at\/farbberatung\/index.php?rest_route=%2Fwp%2Fv2%2Fmedia&parent=10"}],"curies":[{"name":"wp","href":"https:\/\/api.w.org\/{rel}","templated":true}]}}